{"id":110,"date":"2024-04-15T15:38:25","date_gmt":"2024-04-15T18:38:25","guid":{"rendered":"https:\/\/alianza.org.ar\/?page_id=110"},"modified":"2026-02-03T12:02:37","modified_gmt":"2026-02-03T15:02:37","slug":"capacitaciones","status":"publish","type":"page","link":"https:\/\/alianza.org.ar\/?page_id=110","title":{"rendered":"CAPACITACIONES"},"content":{"rendered":"<div class=\"vce-row-container\" data-vce-boxed-width=\"true\"><div class=\"vce-row vce-row--col-gap-30 vce-row-equal-height vce-row-content--top\" id=\"el-a8b08673\" data-vce-do-apply=\"all el-a8b08673\"><div class=\"vce-row-content\" data-vce-element-content=\"true\"><div class=\"vce-col vce-col--md-auto vce-col--xs-1 vce-col--xs-last vce-col--xs-first vce-col--sm-last vce-col--sm-first vce-col--md-last vce-col--lg-last vce-col--xl-last vce-col--md-first vce-col--lg-first vce-col--xl-first\" id=\"el-7a685679\"><div class=\"vce-col-inner\" data-vce-do-apply=\"border margin background  el-7a685679\"><div class=\"vce-col-content\" data-vce-element-content=\"true\" data-vce-do-apply=\"padding el-7a685679\"><div class=\"vce-text-block\"><div class=\"vce-text-block-wrapper vce\" id=\"el-ba53f02a\" data-vce-do-apply=\"all el-ba53f02a\"><h2>Participe de las Capacitaciones ministeriales<\/h2><\/div><\/div><\/div><\/div><\/div><\/div><\/div><\/div><div class=\"vce-row-container\" data-vce-boxed-width=\"true\"><div class=\"vce-row vce-row--col-gap-30 vce-row-equal-height vce-row-content--top\" id=\"el-08c0d703\" data-vce-do-apply=\"all el-08c0d703\"><div class=\"vce-row-content\" data-vce-element-content=\"true\"><div class=\"vce-col vce-col--md-34p vce-col--xs-1 vce-col--xs-last vce-col--xs-first vce-col--sm-last vce-col--sm-first vce-col--md-first vce-col--lg-first vce-col--xl-first\" id=\"el-690b9c58\"><div class=\"vce-col-inner\" data-vce-do-apply=\"border margin background  el-690b9c58\"><div class=\"vce-col-content\" data-vce-element-content=\"true\" data-vce-do-apply=\"padding el-690b9c58\"><div class=\"vcv-row-control-wrapper\"><\/div><\/div><\/div><\/div><div class=\"vce-col vce-col--md-66p vce-col--xs-1 vce-col--xs-last vce-col--xs-first vce-col--sm-last vce-col--sm-first vce-col--md-last vce-col--lg-last vce-col--xl-last\" id=\"el-9fedb271\"><div class=\"vce-col-inner\" data-vce-do-apply=\"border margin background  el-9fedb271\"><div class=\"vce-col-content\" data-vce-element-content=\"true\" data-vce-do-apply=\"padding el-9fedb271\"><div class=\"vcv-row-control-wrapper\"><\/div><\/div><\/div><\/div><\/div><\/div><\/div><div class=\"vce-row-container\" data-vce-boxed-width=\"true\"><div class=\"vce-row vce-row--col-gap-30 vce-row-equal-height vce-row-content--top\" id=\"el-e0b93522\" data-vce-do-apply=\"all el-e0b93522\"><div class=\"vce-row-content\" data-vce-element-content=\"true\"><div class=\"vce-col vce-col--md-33p vce-col--xs-1 vce-col--xs-last vce-col--xs-first vce-col--sm-last vce-col--sm-first vce-col--md-first vce-col--lg-first vce-col--xl-first\" id=\"el-b572e620\"><div class=\"vce-col-inner\" data-vce-do-apply=\"border margin background  el-b572e620\"><div class=\"vce-col-content\" data-vce-element-content=\"true\" data-vce-do-apply=\"padding el-b572e620\"><div class=\"vce-single-image-container vce-single-image--align-left\"><div class=\"vce vce-single-image-wrapper\" id=\"el-eef79c98\" data-vce-do-apply=\"all el-eef79c98\"><figure><div class=\"vce-single-image-figure-inner\" style=\"width: 1024px;\"><div class=\"vce-single-image-inner vce-single-image--absolute\" style=\"width: 100%; padding-bottom: 66.6016%;\"><img loading=\"lazy\" decoding=\"async\" class=\"vce-single-image\"  width=\"1024\" height=\"682\" srcset=\"https:\/\/alianza.org.ar\/wp-content\/uploads\/2024\/04\/IBBA-1024x682.jpg 1024w, https:\/\/alianza.org.ar\/wp-content\/uploads\/2024\/04\/IBBA-2048x1365.jpg 2x, https:\/\/alianza.org.ar\/wp-content\/uploads\/2024\/04\/IBBA-320x213.jpg 320w, https:\/\/alianza.org.ar\/wp-content\/uploads\/2024\/04\/IBBA-480x320.jpg 480w, https:\/\/alianza.org.ar\/wp-content\/uploads\/2024\/04\/IBBA-800x533.jpg 800w\" src=\"https:\/\/alianza.org.ar\/wp-content\/uploads\/2024\/04\/IBBA-1024x682.jpg\" data-img-src=\"https:\/\/alianza.org.ar\/wp-content\/uploads\/2024\/04\/IBBA.jpg\" data-attachment-id=\"131\"  alt=\"\" title=\"IBBA\" \/><\/div><\/div><figcaption hidden=\"\"><\/figcaption><\/figure><\/div><\/div><\/div><\/div><\/div><div class=\"vce-col vce-col--md-67p vce-col--xs-1 vce-col--xs-last vce-col--xs-first vce-col--sm-last vce-col--sm-first vce-col--md-last vce-col--lg-last vce-col--xl-last\" id=\"el-f75a2e12\"><div class=\"vce-col-inner\" data-vce-do-apply=\"border margin background  el-f75a2e12\"><div class=\"vce-col-content\" data-vce-element-content=\"true\" data-vce-do-apply=\"padding el-f75a2e12\"><div class=\"vce-text-block\"><div class=\"vce-text-block-wrapper vce\" id=\"el-2ae8ac78\" data-vce-do-apply=\"all el-2ae8ac78\"><h3>INSTITUTO BIBLICO BUENOS AIRES&nbsp;<\/h3><h3><span style=\"font-family: inherit; font-weight: 400; font-style: normal; font-size: 12pt;\"><span style=\"letter-spacing: 1px;\">Nuestra tarea consiste en colaborar en la formaci\u00f3nde personas para el servicio, en el ministeriopastoral, la consejer\u00eda cristiana, la creaci\u00f3n yexpresi\u00f3n musical, y los diversos ministerios dentro yfuera del contexto de las iglesias locales. Sostenemos una clara identidad evang\u00e9lica, con unsentido de apertura y colaboraci\u00f3n con todas lasiglesias, denominaciones, ministerios e individuoscomprometidos con el Reino de Dios. Es por elloque, aunque auspiciado por la Alianza Cristiana y Misionera, el Instituto est\u00e1 abierto al aporte dealumnos y profesores de m\u00e1s de 30 denominaciones cristianas.<\/span><\/span><\/h3><\/div><\/div><div class=\"vce-button--style-basic-container vce-button--style-basic-container--align-left\"><span class=\"vce-button--style-basic-wrapper vce\" id=\"el-9ca4b7f0\" data-vce-do-apply=\"margin el-9ca4b7f0\"><a class=\"vce-button vce-button--style-basic vce-button--style-basic--border-rounded vce-button--style-basic--size-medium vce-button--style-basic--color-b-160-15-5--fff\" href=\"http:\/\/www.ibba.com.ar\" title=\"\" data-vce-do-apply=\"padding border background  el-9ca4b7f0\">MAS INFORMACION<\/a><\/span><\/div><\/div><\/div><\/div><\/div><\/div><\/div>","protected":false},"excerpt":{"rendered":"<p>Participe de las Capacitaciones ministerialesINSTITUTO BIBLICO BUENOS AIRES&nbsp;Nuestra tarea consiste en colaborar en la formaci\u00f3nde personas para el servicio, en el ministeriopastoral, la consejer\u00eda cristiana, la creaci\u00f3n yexpresi\u00f3n musical, y los diversos ministerios dentro yfuera del contexto de las iglesias locales. Sostenemos una clara identidad evang\u00e9lica, con unsentido de apertura y colaboraci\u00f3n con todas lasiglesias, [&hellip;]<\/p>\n","protected":false},"author":1,"featured_media":0,"parent":0,"menu_order":0,"comment_status":"closed","ping_status":"closed","template":"","meta":{"om_disable_all_campaigns":false,"_monsterinsights_skip_tracking":false,"_monsterinsights_sitenote_active":false,"_monsterinsights_sitenote_note":"","_monsterinsights_sitenote_category":0,"footnotes":""},"aioseo_notices":[],"_links":{"self":[{"href":"https:\/\/alianza.org.ar\/index.php?rest_route=\/wp\/v2\/pages\/110"}],"collection":[{"href":"https:\/\/alianza.org.ar\/index.php?rest_route=\/wp\/v2\/pages"}],"about":[{"href":"https:\/\/alianza.org.ar\/index.php?rest_route=\/wp\/v2\/types\/page"}],"author":[{"embeddable":true,"href":"https:\/\/alianza.org.ar\/index.php?rest_route=\/wp\/v2\/users\/1"}],"replies":[{"embeddable":true,"href":"https:\/\/alianza.org.ar\/index.php?rest_route=%2Fwp%2Fv2%2Fcomments&post=110"}],"version-history":[{"count":6,"href":"https:\/\/alianza.org.ar\/index.php?rest_route=\/wp\/v2\/pages\/110\/revisions"}],"predecessor-version":[{"id":211,"href":"https:\/\/alianza.org.ar\/index.php?rest_route=\/wp\/v2\/pages\/110\/revisions\/211"}],"wp:attachment":[{"href":"https:\/\/alianza.org.ar\/index.php?rest_route=%2Fwp%2Fv2%2Fmedia&parent=110"}],"curies":[{"name":"wp","href":"https:\/\/api.w.org\/{rel}","templated":true}]}}