{"id":98,"date":"2024-04-10T15:56:44","date_gmt":"2024-04-10T18:56:44","guid":{"rendered":"https:\/\/alianza.org.ar\/?page_id=98"},"modified":"2024-04-10T16:10:08","modified_gmt":"2024-04-10T19:10:08","slug":"declaracion-de-fe","status":"publish","type":"page","link":"https:\/\/alianza.org.ar\/?page_id=98","title":{"rendered":"DECLARACION DE FE"},"content":{"rendered":"<div class=\"vce-row-container\" data-vce-boxed-width=\"true\"><div class=\"vce-row vce-row--col-gap-30 vce-row-equal-height vce-row-content--top\" id=\"el-c5dc2d27\" data-vce-do-apply=\"all el-c5dc2d27\"><div class=\"vce-row-content\" data-vce-element-content=\"true\"><div class=\"vce-col vce-col--md-auto vce-col--xs-1 vce-col--xs-last vce-col--xs-first vce-col--sm-last vce-col--sm-first vce-col--md-last vce-col--lg-last vce-col--xl-last vce-col--md-first vce-col--lg-first vce-col--xl-first\" id=\"el-97b87b35\"><div class=\"vce-col-inner\" data-vce-do-apply=\"border margin background  el-97b87b35\"><div class=\"vce-col-content\" data-vce-element-content=\"true\" data-vce-do-apply=\"padding el-97b87b35\"><div class=\"vce-text-block\"><div class=\"vce-text-block-wrapper vce\" id=\"el-0b894028\" data-vce-do-apply=\"all el-0b894028\"><h2>NUESTRA DECLARACI\u00d3N DE FE<\/h2><\/div><\/div><\/div><\/div><\/div><\/div><\/div><\/div><div class=\"vce-row-container\" data-vce-boxed-width=\"true\"><div class=\"vce-row vce-row--col-gap-30 vce-row-equal-height vce-row-content--top\" id=\"el-2c1d7feb\" data-vce-do-apply=\"all el-2c1d7feb\"><div class=\"vce-row-content\" data-vce-element-content=\"true\"><div class=\"vce-col vce-col--md-auto vce-col--xs-1 vce-col--xs-last vce-col--xs-first vce-col--sm-last vce-col--sm-first vce-col--md-last vce-col--lg-last vce-col--xl-last vce-col--md-first vce-col--lg-first vce-col--xl-first\" id=\"el-451ccb2f\"><div class=\"vce-col-inner\" data-vce-do-apply=\"border margin background  el-451ccb2f\"><div class=\"vce-col-content\" data-vce-element-content=\"true\" data-vce-do-apply=\"padding el-451ccb2f\"><div class=\"vcv-row-control-wrapper\"><\/div><\/div><\/div><\/div><\/div><\/div><\/div><div class=\"vce-row-container\" data-vce-boxed-width=\"true\"><div class=\"vce-row vce-row--col-gap-30 vce-row-equal-height vce-row-content--top\" id=\"el-7d292cd8\" data-vce-do-apply=\"all el-7d292cd8\"><div class=\"vce-row-content\" data-vce-element-content=\"true\"><div class=\"vce-col vce-col--md-79p vce-col--xs-1 vce-col--xs-last vce-col--xs-first vce-col--sm-last vce-col--sm-first vce-col--md-first vce-col--lg-first vce-col--xl-first\" id=\"el-52104538\"><div class=\"vce-col-inner\" data-vce-do-apply=\"border margin background  el-52104538\"><div class=\"vce-col-content\" data-vce-element-content=\"true\" data-vce-do-apply=\"padding el-52104538\"><div class=\"vce-text-block\"><div class=\"vce-text-block-wrapper vce\" id=\"el-7a1268d1\" data-vce-do-apply=\"all el-7a1268d1\"><p><span style=\"font-size: 12pt; color: #333300;\">1.\u2013 CREEMOS en un solo Dios, ininitamente perfecto, existiendo en tres personas: Padre, Hijo y Esp\u00edritu Santo. <\/span><\/p><p><span style=\"color: #000000;\"><strong>Deuteronomio 6:4 \u2013 Mateo 5:48 \u2013 Mateo 28:19 \u2013 Juan 4:24<\/strong><\/span><\/p><p><span style=\"font-size: 12pt; color: #333300;\">2. \u2013 CREEMOS en Jesucristo, la segunda persona de la Trinidad Divina. Que \u00c9l es eternamente uno con el que fue encarnado por la obra del Esp\u00edritu Santo y naci\u00f3 de la Virgen Mar\u00eda. Dos natu- ralezas completas y perfectas fueron unidas en una persona, verdadero Dios y verdadero Hombre. <\/span><\/p><p><strong><span style=\"font-size: 12pt; color: #333300;\">Isaias7:14 \u2013 Mt.1:20-23 \u2013 Lc.1:35-38 \u2013 Filipenses 2:6-11 1Ped 2:24 \u2013 1 Pedro 3:18<\/span><\/strong><\/p><p><span style=\"font-size: 12pt; color: #333300;\">3. \u2013 CREEMOS que Jesucristo muri\u00f3 en la cruz por nuestros peca- dos, un sacriicio de sustituci\u00f3n, el justo por los injustos y todos los que en \u00c9l creen son justiicados por su sangre derramada. Resucit\u00f3 de entre los muertos habiendo quebrantado para siempre el poder de la muerte, constituy\u00e9ndose en primicia de la resurrecci\u00f3n y que, con su cuerpo gloriicado, ascendi\u00f3 al cielo y est\u00e1 a la diestra del Padre y es nuestro sumo sacerdote, donde intercede por nosotros. Conforme a las escrituras, volver\u00e1 otra vez a establecer en la tierra su Reino de justicia y paz.<\/span><\/p><p><span style=\"font-size: 12pt; color: #333300;\"><strong>Romanos 5:8<\/strong><strong>-9 <\/strong><strong>\u2013 Romanos 14:9 <\/strong><strong>\u2013 1 Corintios 15:4 - <\/strong><\/span><span style=\"font-size: 12pt; color: #333300;\"><strong>1 Corintios 15:20;22<\/strong><strong>-26 <\/strong><strong>- Juan 3:16 <\/strong><strong>\u2013 Hechos 1:11 <\/strong><strong>\u2013 Romanos <\/strong><\/span><span style=\"font-size: 12pt; color: #333300;\"><strong>8:34 <\/strong><strong>\u2013 Hechos 2:23<\/strong><strong>-24 <\/strong><strong>\u2013 Hebreos 8:1 <\/strong><strong>\u2013 Mateo 26:64 <\/strong><strong>\u2013 Daniel <\/strong><\/span><span style=\"font-size: 12pt; color: #333300;\"><strong>12:2.<\/strong><\/span><\/p><p><span style=\"font-size: 12pt; color: #333300;\">4.\u2013 CREEMOS en el Esp\u00edritu Santo, la tercera persona de la Divina Trinidad, quien convence al mundo de pecado, regenera a los que se arrepienten de sus pecados y creen en Cristo como su Salvador personal; morando en ellos, santiic\u00e1ndolos y gui\u00e1ndolos a toda De esta forma est\u00e1 siempre presente y eicazmente activo en la vida de la Iglesia.<\/span><\/p><h2><span style=\"font-size: 12pt; color: #333300;\">1 Corintios 1:30 \u2013 Hechos 2:38 \u2013 1 Corintios 2:10-11 \u2013 Miqueas <\/span><span style=\"font-size: 12pt; color: #333300;\"><strong>3:8 <\/strong><strong>\u2013Mateo 28:19<\/strong><strong>-20 <\/strong><strong>\u2013<\/strong><strong> Juan 14:15<\/strong><strong>-18, 26 <\/strong><strong>\u2013<\/strong><strong> Juan 16:7<\/strong><strong>-11.<br><\/strong><\/span><\/h2><p>5.\u2013 CREEMOS en la inspiraci\u00f3n plenaria de la Biblia, por lo cual aceptamos que los sesenta y seis libros del Antiguo y Nuevo Testamento, han sido escritos bajo la inspiraci\u00f3n del Esp\u00edritu Santo. Son una revelaci\u00f3n completa de la voluntad de Dios respecto al ser humano para su salvaci\u00f3n, constitu- y\u00e9ndose en la \u00fanica regla de fe y pr\u00e1ctica cristiana.<\/p><p><strong>2 Timoteo 3:15<\/strong><strong>-<\/strong><strong>17 <\/strong><strong>\u2013 <\/strong><strong>2 Pedro 1:19<\/strong><strong>-<\/strong><strong>21 <\/strong><strong>\u2013 <\/strong><strong>Juan 17:17 <\/strong><strong>\u2013 <\/strong><strong>Proverbios 30:5 <\/strong><strong>\u2013 <\/strong><strong>Apocalipsis 22:18<\/strong><strong>-<\/strong><\/p><p>6 \u2013 CREEMOS que el ser humano fue creado a la imagen y semejanza de Dios; que cay\u00f3 por desobediencia, incurriendo as\u00ed tanto en muerte f\u00edsica como espiritual.<\/p><p>Todos los seres humanos nacen con naturaleza pecaminosa, y por lo tanto est\u00e1n separados de la vida de Dios, llegando a ser salvos \u00fanicamente, por la obra redentora del Se\u00f1or Jesucristo, consumada en la cruz del Calvario, cuya sangre derramada tiene el poder de limpiar del pecado, otorgar el perd\u00f3n, librar de la muerte y condenaci\u00f3n, dando acceso a la vida eterna y al Reino de Dios.<\/p><p>El destino de los que rechazan la obra de Cristo en la cruz es la existencia eterna en sufrimiento consciente.<\/p><p><strong>G\u00e9nesis 1:26<\/strong><strong>-<\/strong><strong>27 <\/strong><strong>\u2013 <\/strong><strong>G\u00e9nesis 3:1<\/strong><strong>-<\/strong><strong>24 <\/strong><strong>\u2013 <\/strong><strong>Romanos 3:23 <\/strong><strong>\u2013 <\/strong><strong>Romanos 5:12 <\/strong><strong>\u2013 <\/strong><strong>Romanos 5:19 <\/strong><strong>\u2013 <\/strong><strong>Romanos 6:23 <\/strong><strong>\u2013 <\/strong><strong>1Corintios 15:20<\/strong><strong>-<\/strong><strong>23 <\/strong><strong>\u2013 <\/strong><strong>Apocalipsis 21:1<\/strong><strong>-<\/strong><strong>4 <\/strong><strong>\u2013 <\/strong><strong>Apocalipsis 21:8<\/strong><\/p><p>7.\u2013 CREEMOS que la salvaci\u00f3n para el ser humano fue provista por Dios por medio de Jesucristo desde la misma eternidad, para toda la humani- dad. Aquellos que se arrepientan y creen en \u00c9l acept\u00e1ndole como su Se- \u00f1or y Salvador, por la Fe son nacidos de nuevo por medio del Esp\u00edritu Santo, recibiendo el don de la vida eterna, lo que les lleva a ser hechos hijos de Dios.<\/p><p><strong>Juan 3:5, 3:16, 3:36 <\/strong><strong>\u2013 <\/strong><strong>Juan 1:12 <\/strong><strong>\u2013 <\/strong><strong>Tito 3:4<\/strong><strong>-<\/strong><strong>7 <\/strong><strong>\u2013 <\/strong><strong>Hechos 2:21, 4:12,<\/strong><\/p><p><strong>10:43 <\/strong><strong>\u2013 <\/strong><strong>2 Corintios 5:17 <\/strong><strong>\u2013 <\/strong><strong>1 Timoteo 2:4<\/strong><\/p><p>8.\u2013 CREEMOS que es la voluntad de Dios que cada creyente disfrute de la plenitud del Esp\u00edritu Santo, llegando a ser enteramente santiicado, sepa- rado del mundo y de la vida en pecado; consagrado enteramente a cum- plir con la voluntad de Dios, para una vida santa, recibiendo poder mediante el Esp\u00edritu Santo, para vivir con efectividad el servicio cristiano. Esta obra del Esp\u00edritu Santo en el creyente llamada santiicaci\u00f3n, se reconoce como una experiencia despu\u00e9s a la conversi\u00f3n.<br><br><\/p><p><strong>Efesios 5:18 <\/strong><strong>\u2013 <\/strong><strong>Romanos 12:1<\/strong><strong>-<\/strong><strong>2 <\/strong><strong>\u2013 <\/strong><strong>1 Corintios 1:2, 15:58 <\/strong><strong>\u2013 <\/strong><strong>Hechos 1:8 <\/strong><strong>\u2013 <\/strong><strong>1 Pedro 1:15<\/strong><strong>-<\/strong><strong>16 <\/strong><strong>\u2013 <\/strong><strong>Lev\u00edtico 11:44, 20:7<\/strong><\/p><p>9.\u2013 CREEMOS que la obra redentora del Se\u00f1or Jesucristo realizada en la cruz ha hecho tambi\u00e9n provisi\u00f3n para la sanidad del cuerpo mortal. La ora- ci\u00f3n por los enfermos y el ungimiento con aceite tienen validez para la Iglesia de nuestros d\u00edas, siendo un privilegio el obedecerlo.<\/p><p><strong>Isa\u00edas 53:2<\/strong><strong>-<\/strong><strong>5 <\/strong><strong>\u2013 <\/strong><strong>1 Pedro 2:24 <\/strong><strong>\u2013 <\/strong><strong>Mateo 8:16<\/strong><strong>-<\/strong><strong>17 <\/strong><strong>\u2013 <\/strong><strong>Santiago 5:13<\/strong><strong>-<\/strong><strong>16 <\/strong><strong>\u2013 <\/strong><strong>Lu<\/strong><strong>cas 4:18<\/strong><strong>-<\/strong><strong>19<\/strong><\/p><p>10.\u2013 CREEMOS que la Iglesia est\u00e1 formada por todos aquellos que creen en el Se\u00f1or Jesucristo, y han sido redimidos mediante su sangre y nacen de nuevo por el Esp\u00edritu Santo. Cristo es la cabeza del cuerpo, la Iglesia el cuerpo de Cristo y ha sido comisionada por El, para ir por todo el mundo, como testigo en cumplimiento de la gran comisi\u00f3n de \"ID Y PREDICAD EL EVANGELIO\" y \"HACED DISCIPULOS A TODAS LAS NACIONES\". La Iglesia local es un cuerpo de creyentes en Cristo que se re\u00fane para la adora- ci\u00f3n a Dios, la ediicaci\u00f3n del cuerpo por medio de la Palabra de Dios, la oraci\u00f3n, la comuni\u00f3n, la proclamaci\u00f3n del Evangelio y el cumplimiento de sus ordenanzas: el BAUTISMO y la CENA DEL SE\u00d1OR.<\/p><p><strong>Hechos 1:8, 2:42, 2:47, 4:32, 15:14 <\/strong><strong>\u2013<\/strong> <strong>Mateo 16:18, 28:18<\/strong><strong>-<\/strong><strong>20 <\/strong><strong>\u2013<\/strong> <strong>Efesios <\/strong><strong>1:20<\/strong><strong>-<\/strong><strong>23, 4:15, 5:23 <\/strong><strong>\u2013 <\/strong><strong>1 Corintios 11:26 <\/strong><strong>\u2013 <\/strong><strong>Tito 2:14<\/strong><\/p><p>11.\u2013 CREEMOS en la Venida de Cristo para arrebatar a su iglesia.<\/p><p><strong>1 Tesalonicenses 4:16<\/strong><strong>-<\/strong><strong>17.<\/strong><\/p><p>12.\u2013 CREEMOS que la Segunda Venida de Cristo a la tierra es inminente y ser\u00e1 personal, visible, premilenial, para poner in a la gran tribulaci\u00f3n y reinar por los siglos de los Esta es la esperanza gloriosa del creyente, constituy\u00e9ndose en una verdad vital que lo impulsa poderoso a vivir una vida santa, fiel y de servicio excelente.<\/p><p><strong>Mateo 24:29<\/strong><strong>-<\/strong><strong>30 <\/strong><strong>\u2013 <\/strong><strong>Apocalipsis 1:7 <\/strong><strong>\u2013 <\/strong><strong>Lucas 21:27<\/strong><\/p><\/div><\/div><\/div><\/div><\/div><div class=\"vce-col vce-col--md-21p vce-col--xs-1 vce-col--xs-last vce-col--xs-first vce-col--sm-last vce-col--sm-first vce-col--md-last vce-col--lg-last vce-col--xl-last\" id=\"el-6d6e8c44\"><div class=\"vce-col-inner\" data-vce-do-apply=\"border margin background  el-6d6e8c44\"><div class=\"vce-col-content\" data-vce-element-content=\"true\" data-vce-do-apply=\"padding el-6d6e8c44\"><div class=\"vcv-row-control-wrapper\"><\/div><\/div><\/div><\/div><\/div><\/div><\/div><div class=\"vce-row-container\" data-vce-boxed-width=\"true\"><div class=\"vce-row vce-row--col-gap-30 vce-row-equal-height vce-row-content--top\" id=\"el-e7df9837\" data-vce-do-apply=\"all el-e7df9837\"><div class=\"vce-row-content\" data-vce-element-content=\"true\"><div class=\"vce-col vce-col--md-auto vce-col--xs-1 vce-col--xs-last vce-col--xs-first vce-col--sm-last vce-col--sm-first vce-col--md-last vce-col--lg-last vce-col--xl-last vce-col--md-first vce-col--lg-first vce-col--xl-first\" id=\"el-3c7fbcb0\"><div class=\"vce-col-inner\" data-vce-do-apply=\"border margin background  el-3c7fbcb0\"><div class=\"vce-col-content\" data-vce-element-content=\"true\" data-vce-do-apply=\"padding el-3c7fbcb0\"><div class=\"vcv-row-control-wrapper\"><\/div><\/div><\/div><\/div><\/div><\/div><\/div><div class=\"vce-row-container\" data-vce-boxed-width=\"true\"><div class=\"vce-row vce-row--col-gap-30 vce-row-equal-height vce-row-content--top\" id=\"el-2bbaca1c\" data-vce-do-apply=\"all el-2bbaca1c\"><div class=\"vce-row-content\" data-vce-element-content=\"true\"><div class=\"vce-col vce-col--md-auto vce-col--xs-1 vce-col--xs-last vce-col--xs-first vce-col--sm-last vce-col--sm-first vce-col--md-last vce-col--lg-last vce-col--xl-last vce-col--md-first vce-col--lg-first vce-col--xl-first\" id=\"el-7b2cdb21\"><div class=\"vce-col-inner\" data-vce-do-apply=\"border margin background  el-7b2cdb21\"><div class=\"vce-col-content\" data-vce-element-content=\"true\" data-vce-do-apply=\"padding el-7b2cdb21\"><div class=\"vce-simple-image-slider\" style=\"--pointerColor: #fff; --pointerColorHover: #fd9a00; --backgroundPosition: center center;\"><div class=\"vce-simple-image-slider-wrapper vce\" id=\"el-0029d5c8\" data-vce-do-apply=\"all el-0029d5c8\"><div class=\"vce-simple-image-slider-helper vce-simple-image-slider-aspect-ratio--16-9\"><div class=\"vce-simple-image-slider-list\" data-slick-autoplay=\"on\" data-slick-autoplay-delay=\"5000\" data-slick-effect=\"slideIn\" data-slick-dots=\"on\" data-slick-arrows=\"off\"><div class=\"slick-list\"><div class=\"slick-track\"><div class=\"vce-simple-image-slider-item vc-slick-item\"><a href=\"https:\/\/alianza.org.ar\/wp-content\/uploads\/2024\/04\/DSC_1085-scaled.jpg\" data-lightbox=\"lightbox-0029d5c8\" style=\"background-image:url(https:\/\/alianza.org.ar\/wp-content\/uploads\/2024\/04\/DSC_1085-scaled.jpg)\" class=\"vce-simple-image-slider-img vce-simple-image-slider-img--scale\"><img decoding=\"async\" class=\"\" src=\"https:\/\/alianza.org.ar\/wp-content\/uploads\/2024\/04\/DSC_1085-scaled.jpg\" style=\"opacity:0\" alt=\"\"><\/a><\/div><div class=\"vce-simple-image-slider-item vc-slick-item\"><a href=\"https:\/\/alianza.org.ar\/wp-content\/uploads\/2024\/04\/DSC_1081-scaled.jpg\" data-lightbox=\"lightbox-0029d5c8\" style=\"background-image:url(https:\/\/alianza.org.ar\/wp-content\/uploads\/2024\/04\/DSC_1081-scaled.jpg)\" class=\"vce-simple-image-slider-img vce-simple-image-slider-img--scale\"><img decoding=\"async\" class=\"\" src=\"https:\/\/alianza.org.ar\/wp-content\/uploads\/2024\/04\/DSC_1081-scaled.jpg\" style=\"opacity:0\" alt=\"\"><\/a><\/div><div class=\"vce-simple-image-slider-item vc-slick-item\"><a href=\"https:\/\/alianza.org.ar\/wp-content\/uploads\/2024\/04\/DSC_0954-scaled.jpg\" data-lightbox=\"lightbox-0029d5c8\" style=\"background-image:url(https:\/\/alianza.org.ar\/wp-content\/uploads\/2024\/04\/DSC_0954-scaled.jpg)\" class=\"vce-simple-image-slider-img vce-simple-image-slider-img--scale\"><img decoding=\"async\" class=\"\" src=\"https:\/\/alianza.org.ar\/wp-content\/uploads\/2024\/04\/DSC_0954-scaled.jpg\" style=\"opacity:0\" alt=\"\"><\/a><\/div><div class=\"vce-simple-image-slider-item vc-slick-item\"><a href=\"https:\/\/alianza.org.ar\/wp-content\/uploads\/2024\/04\/DSC_0929-scaled.jpg\" data-lightbox=\"lightbox-0029d5c8\" style=\"background-image:url(https:\/\/alianza.org.ar\/wp-content\/uploads\/2024\/04\/DSC_0929-scaled.jpg)\" class=\"vce-simple-image-slider-img vce-simple-image-slider-img--scale\"><img decoding=\"async\" class=\"\" src=\"https:\/\/alianza.org.ar\/wp-content\/uploads\/2024\/04\/DSC_0929-scaled.jpg\" style=\"opacity:0\" alt=\"\"><\/a><\/div><div class=\"vce-simple-image-slider-item vc-slick-item\"><a href=\"https:\/\/alianza.org.ar\/wp-content\/uploads\/2024\/04\/DSC_0924-scaled.jpg\" data-lightbox=\"lightbox-0029d5c8\" style=\"background-image:url(https:\/\/alianza.org.ar\/wp-content\/uploads\/2024\/04\/DSC_0924-scaled.jpg)\" class=\"vce-simple-image-slider-img vce-simple-image-slider-img--scale\"><img decoding=\"async\" class=\"\" src=\"https:\/\/alianza.org.ar\/wp-content\/uploads\/2024\/04\/DSC_0924-scaled.jpg\" style=\"opacity:0\" alt=\"\"><\/a><\/div><\/div><\/div><\/div><div class=\"vce-simple-image-slider-dots\"><\/div><\/div><\/div><\/div><\/div><\/div><\/div><\/div><\/div><\/div>","protected":false},"excerpt":{"rendered":"<p>NUESTRA DECLARACI\u00d3N DE FE1.\u2013 CREEMOS en un solo Dios, ininitamente perfecto, existiendo en tres personas: Padre, Hijo y Esp\u00edritu Santo. Deuteronomio 6:4 \u2013 Mateo 5:48 \u2013 Mateo 28:19 \u2013 Juan 4:242. \u2013 CREEMOS en Jesucristo, la segunda persona de la Trinidad Divina. Que \u00c9l es eternamente uno con el que fue encarnado por la obra [&hellip;]<\/p>\n","protected":false},"author":1,"featured_media":0,"parent":10,"menu_order":0,"comment_status":"closed","ping_status":"closed","template":"","meta":{"om_disable_all_campaigns":false,"_monsterinsights_skip_tracking":false,"_monsterinsights_sitenote_active":false,"_monsterinsights_sitenote_note":"","_monsterinsights_sitenote_category":0,"footnotes":""},"aioseo_notices":[],"_links":{"self":[{"href":"https:\/\/alianza.org.ar\/index.php?rest_route=\/wp\/v2\/pages\/98"}],"collection":[{"href":"https:\/\/alianza.org.ar\/index.php?rest_route=\/wp\/v2\/pages"}],"about":[{"href":"https:\/\/alianza.org.ar\/index.php?rest_route=\/wp\/v2\/types\/page"}],"author":[{"embeddable":true,"href":"https:\/\/alianza.org.ar\/index.php?rest_route=\/wp\/v2\/users\/1"}],"replies":[{"embeddable":true,"href":"https:\/\/alianza.org.ar\/index.php?rest_route=%2Fwp%2Fv2%2Fcomments&post=98"}],"version-history":[{"count":2,"href":"https:\/\/alianza.org.ar\/index.php?rest_route=\/wp\/v2\/pages\/98\/revisions"}],"predecessor-version":[{"id":102,"href":"https:\/\/alianza.org.ar\/index.php?rest_route=\/wp\/v2\/pages\/98\/revisions\/102"}],"up":[{"embeddable":true,"href":"https:\/\/alianza.org.ar\/index.php?rest_route=\/wp\/v2\/pages\/10"}],"wp:attachment":[{"href":"https:\/\/alianza.org.ar\/index.php?rest_route=%2Fwp%2Fv2%2Fmedia&parent=98"}],"curies":[{"name":"wp","href":"https:\/\/api.w.org\/{rel}","templated":true}]}}